{"id":1123,"date":"2019-11-18T14:21:53","date_gmt":"2019-11-18T13:21:53","guid":{"rendered":"https:\/\/wacomaqu.cyon.site\/medias\/"},"modified":"2022-07-18T18:52:08","modified_gmt":"2022-07-18T16:52:08","slug":"medias","status":"publish","type":"page","link":"https:\/\/www.montvullykaese.ch\/fr\/medias\/","title":{"rendered":"M\u00e9dias"},"content":{"rendered":"\t\t<div data-elementor-type=\"wp-page\" data-elementor-id=\"1123\" class=\"elementor elementor-1123 elementor-159\" data-elementor-post-type=\"page\">\n\t\t\t\t\t\t<section class=\"elementor-section elementor-top-section elementor-element elementor-element-73c1a67 elementor-section-boxed elementor-section-height-default elementor-section-height-default\" data-id=\"73c1a67\" data-element_type=\"section\" data-e-type=\"section\">\n\t\t\t\t\t\t<div class=\"elementor-container elementor-column-gap-default\">\n\t\t\t\t\t<div class=\"elementor-column elementor-col-100 elementor-top-column elementor-element elementor-element-2463cbf6\" data-id=\"2463cbf6\" data-element_type=\"column\" data-e-type=\"column\">\n\t\t\t<div class=\"elementor-widget-wrap elementor-element-populated\">\n\t\t\t\t\t\t<div class=\"elementor-element elementor-element-42261d15 elementor-widget elementor-widget-heading\" data-id=\"42261d15\" data-element_type=\"widget\" data-e-type=\"widget\" data-widget_type=\"heading.default\">\n\t\t\t\t<div class=\"elementor-widget-container\">\n\t\t\t\t\t<h2 class=\"elementor-heading-title elementor-size-default\">Informations aux m\u00e9dias<\/h2>\t\t\t\t<\/div>\n\t\t\t\t<\/div>\n\t\t\t\t\t<\/div>\n\t\t<\/div>\n\t\t\t\t\t<\/div>\n\t\t<\/section>\n\t\t\t\t<section data-dce-background-color=\"#da996c\" class=\"elementor-section elementor-top-section elementor-element elementor-element-365da323 elementor-section-stretched elementor-section-boxed elementor-section-height-default elementor-section-height-default\" data-id=\"365da323\" data-element_type=\"section\" data-e-type=\"section\" data-settings=\"{&quot;background_background&quot;:&quot;classic&quot;,&quot;stretch_section&quot;:&quot;section-stretched&quot;}\">\n\t\t\t\t\t\t<div class=\"elementor-container elementor-column-gap-default\">\n\t\t\t\t\t<div class=\"elementor-column elementor-col-50 elementor-top-column elementor-element elementor-element-76041aa5\" data-id=\"76041aa5\" data-element_type=\"column\" data-e-type=\"column\">\n\t\t\t<div class=\"elementor-widget-wrap elementor-element-populated\">\n\t\t\t\t\t\t<div class=\"elementor-element elementor-element-4577f3bf dce_masking-none elementor-widget elementor-widget-image\" data-id=\"4577f3bf\" data-element_type=\"widget\" data-e-type=\"widget\" data-widget_type=\"image.default\">\n\t\t\t\t<div class=\"elementor-widget-container\">\n\t\t\t\t\t\t\t\t\t\t\t\t\t\t\t<img fetchpriority=\"high\" decoding=\"async\" width=\"1600\" height=\"1067\" src=\"https:\/\/www.montvullykaese.ch\/wp-content\/uploads\/2020\/02\/stimmung_leitungen.jpg\" class=\"attachment-full size-full wp-image-768\" alt=\"\" srcset=\"https:\/\/www.montvullykaese.ch\/wp-content\/uploads\/2020\/02\/stimmung_leitungen.jpg 1600w, https:\/\/www.montvullykaese.ch\/wp-content\/uploads\/2020\/02\/stimmung_leitungen-300x200.jpg 300w, https:\/\/www.montvullykaese.ch\/wp-content\/uploads\/2020\/02\/stimmung_leitungen-1024x683.jpg 1024w, https:\/\/www.montvullykaese.ch\/wp-content\/uploads\/2020\/02\/stimmung_leitungen-768x512.jpg 768w, https:\/\/www.montvullykaese.ch\/wp-content\/uploads\/2020\/02\/stimmung_leitungen-1536x1024.jpg 1536w\" sizes=\"(max-width: 1600px) 100vw, 1600px\" \/>\t\t\t\t\t\t\t\t\t\t\t\t\t\t\t<\/div>\n\t\t\t\t<\/div>\n\t\t\t\t\t<\/div>\n\t\t<\/div>\n\t\t\t\t<div class=\"elementor-column elementor-col-50 elementor-top-column elementor-element elementor-element-2d78d40c\" data-id=\"2d78d40c\" data-element_type=\"column\" data-e-type=\"column\">\n\t\t\t<div class=\"elementor-widget-wrap elementor-element-populated\">\n\t\t\t\t\t\t<div class=\"elementor-element elementor-element-22ff621 elementor-widget elementor-widget-text-editor\" data-id=\"22ff621\" data-element_type=\"widget\" data-e-type=\"widget\" data-widget_type=\"text-editor.default\">\n\t\t\t\t<div class=\"elementor-widget-container\">\n\t\t\t\t\t\t\t\t\t<p><a href=\"https:\/\/www.montvullykaese.ch\/wp-content\/uploads\/2022\/06\/Medieninfo_Mont-Vully-Ka\u0308se-holt-Medaille-an-Ka\u0308se-WM.pdf\" target=\"_blank\" rel=\"noreferrer noopener\">Information aux m\u00e9dias : Le fromage Mont Vully remporte des m\u00e9dailles au Championnat du monde des fromages aux Etats-Unis en 2018 (en allemand)<\/a><\/p>\n\t\t\t\t\t\t\t\t<\/div>\n\t\t\t\t<\/div>\n\t\t\t\t\t<\/div>\n\t\t<\/div>\n\t\t\t\t\t<\/div>\n\t\t<\/section>\n\t\t\t\t<section class=\"elementor-section elementor-top-section elementor-element elementor-element-2e28b248 elementor-section-boxed elementor-section-height-default elementor-section-height-default\" data-id=\"2e28b248\" data-element_type=\"section\" data-e-type=\"section\">\n\t\t\t\t\t\t<div class=\"elementor-container elementor-column-gap-default\">\n\t\t\t\t\t<div class=\"elementor-column elementor-col-100 elementor-top-column elementor-element elementor-element-52d1cc88\" data-id=\"52d1cc88\" data-element_type=\"column\" data-e-type=\"column\">\n\t\t\t<div class=\"elementor-widget-wrap elementor-element-populated\">\n\t\t\t\t\t\t<div class=\"elementor-element elementor-element-5323887f elementor-widget elementor-widget-shortcode\" data-id=\"5323887f\" data-element_type=\"widget\" data-e-type=\"widget\" data-widget_type=\"shortcode.default\">\n\t\t\t\t<div class=\"elementor-widget-container\">\n\t\t\t\t\t\t\t<div class=\"elementor-shortcode\">\t\t<div data-elementor-type=\"section\" data-elementor-id=\"392\" class=\"elementor elementor-392\" data-elementor-post-type=\"elementor_library\">\n\t\t\t\t\t<section class=\"elementor-section elementor-top-section elementor-element elementor-element-2456063 elementor-section-boxed elementor-section-height-default elementor-section-height-default\" data-id=\"2456063\" data-element_type=\"section\" data-e-type=\"section\">\n\t\t\t\t\t\t<div class=\"elementor-container elementor-column-gap-default\">\n\t\t\t\t\t<div class=\"elementor-column elementor-col-20 elementor-top-column elementor-element elementor-element-5512bb0\" data-id=\"5512bb0\" data-element_type=\"column\" data-e-type=\"column\">\n\t\t\t<div class=\"elementor-widget-wrap\">\n\t\t\t\t\t\t\t<\/div>\n\t\t<\/div>\n\t\t\t\t<div class=\"elementor-column elementor-col-20 elementor-top-column elementor-element elementor-element-8e05352\" data-id=\"8e05352\" data-element_type=\"column\" data-e-type=\"column\">\n\t\t\t<div class=\"elementor-widget-wrap elementor-element-populated\">\n\t\t\t\t\t\t<div class=\"elementor-element elementor-element-83b123e dce_masking-none elementor-widget elementor-widget-image\" data-id=\"83b123e\" data-element_type=\"widget\" data-e-type=\"widget\" data-widget_type=\"image.default\">\n\t\t\t\t<div class=\"elementor-widget-container\">\n\t\t\t\t\t\t\t\t\t\t\t\t\t\t\t<img decoding=\"async\" width=\"77\" height=\"77\" src=\"https:\/\/www.montvullykaese.ch\/wp-content\/uploads\/2020\/02\/icon_margerite.png\" class=\"attachment-large size-large wp-image-393\" alt=\"\" \/>\t\t\t\t\t\t\t\t\t\t\t\t\t\t\t<\/div>\n\t\t\t\t<\/div>\n\t\t\t\t\t<\/div>\n\t\t<\/div>\n\t\t\t\t<div class=\"elementor-column elementor-col-20 elementor-top-column elementor-element elementor-element-02b0c25\" data-id=\"02b0c25\" data-element_type=\"column\" data-e-type=\"column\">\n\t\t\t<div class=\"elementor-widget-wrap elementor-element-populated\">\n\t\t\t\t\t\t<div class=\"elementor-element elementor-element-a5efac4 dce_masking-none elementor-widget elementor-widget-image\" data-id=\"a5efac4\" data-element_type=\"widget\" data-e-type=\"widget\" data-widget_type=\"image.default\">\n\t\t\t\t<div class=\"elementor-widget-container\">\n\t\t\t\t\t\t\t\t\t\t\t\t\t\t\t<img decoding=\"async\" width=\"77\" height=\"77\" src=\"https:\/\/www.montvullykaese.ch\/wp-content\/uploads\/2020\/02\/icon_margerite.png\" class=\"attachment-large size-large wp-image-393\" alt=\"\" \/>\t\t\t\t\t\t\t\t\t\t\t\t\t\t\t<\/div>\n\t\t\t\t<\/div>\n\t\t\t\t\t<\/div>\n\t\t<\/div>\n\t\t\t\t<div class=\"elementor-column elementor-col-20 elementor-top-column elementor-element elementor-element-5c9d20c\" data-id=\"5c9d20c\" data-element_type=\"column\" data-e-type=\"column\">\n\t\t\t<div class=\"elementor-widget-wrap elementor-element-populated\">\n\t\t\t\t\t\t<div class=\"elementor-element elementor-element-dd91618 dce_masking-none elementor-widget elementor-widget-image\" data-id=\"dd91618\" data-element_type=\"widget\" data-e-type=\"widget\" data-widget_type=\"image.default\">\n\t\t\t\t<div class=\"elementor-widget-container\">\n\t\t\t\t\t\t\t\t\t\t\t\t\t\t\t<img decoding=\"async\" width=\"77\" height=\"77\" src=\"https:\/\/www.montvullykaese.ch\/wp-content\/uploads\/2020\/02\/icon_margerite.png\" class=\"attachment-large size-large wp-image-393\" alt=\"\" \/>\t\t\t\t\t\t\t\t\t\t\t\t\t\t\t<\/div>\n\t\t\t\t<\/div>\n\t\t\t\t\t<\/div>\n\t\t<\/div>\n\t\t\t\t<div class=\"elementor-column elementor-col-20 elementor-top-column elementor-element elementor-element-80cf1ed\" data-id=\"80cf1ed\" data-element_type=\"column\" data-e-type=\"column\">\n\t\t\t<div class=\"elementor-widget-wrap\">\n\t\t\t\t\t\t\t<\/div>\n\t\t<\/div>\n\t\t\t\t\t<\/div>\n\t\t<\/section>\n\t\t\t\t<\/div>\n\t\t<\/div>\n\t\t\t\t\t\t<\/div>\n\t\t\t\t<\/div>\n\t\t\t\t\t<\/div>\n\t\t<\/div>\n\t\t\t\t\t<\/div>\n\t\t<\/section>\n\t\t\t\t<section data-dce-background-color=\"#d8a682\" class=\"elementor-section elementor-top-section elementor-element elementor-element-4d9ba7f6 elementor-section-stretched elementor-section-boxed elementor-section-height-default elementor-section-height-default\" data-id=\"4d9ba7f6\" data-element_type=\"section\" data-e-type=\"section\" data-settings=\"{&quot;stretch_section&quot;:&quot;section-stretched&quot;,&quot;background_background&quot;:&quot;classic&quot;}\">\n\t\t\t\t\t\t<div class=\"elementor-container elementor-column-gap-default\">\n\t\t\t\t\t<div class=\"elementor-column elementor-col-100 elementor-top-column elementor-element elementor-element-6a1db730\" data-id=\"6a1db730\" data-element_type=\"column\" data-e-type=\"column\">\n\t\t\t<div class=\"elementor-widget-wrap elementor-element-populated\">\n\t\t\t\t\t\t<div class=\"elementor-element elementor-element-5dcd4f4d elementor-widget elementor-widget-heading\" data-id=\"5dcd4f4d\" data-element_type=\"widget\" data-e-type=\"widget\" data-widget_type=\"heading.default\">\n\t\t\t\t<div class=\"elementor-widget-container\">\n\t\t\t\t\t<h2 class=\"elementor-heading-title elementor-size-default\">Revue de Presse<\/h2>\t\t\t\t<\/div>\n\t\t\t\t<\/div>\n\t\t\t\t\t<\/div>\n\t\t<\/div>\n\t\t\t\t\t<\/div>\n\t\t<\/section>\n\t\t\t\t<section data-dce-background-color=\"#d8a682\" class=\"elementor-section elementor-top-section elementor-element elementor-element-56be7618 elementor-section-stretched elementor-reverse-mobile elementor-section-boxed elementor-section-height-default elementor-section-height-default\" data-id=\"56be7618\" data-element_type=\"section\" data-e-type=\"section\" data-settings=\"{&quot;background_background&quot;:&quot;classic&quot;,&quot;stretch_section&quot;:&quot;section-stretched&quot;}\">\n\t\t\t\t\t\t<div class=\"elementor-container elementor-column-gap-default\">\n\t\t\t\t\t<div class=\"elementor-column elementor-col-50 elementor-top-column elementor-element elementor-element-2b191758\" data-id=\"2b191758\" data-element_type=\"column\" data-e-type=\"column\">\n\t\t\t<div class=\"elementor-widget-wrap elementor-element-populated\">\n\t\t\t\t\t\t<div class=\"elementor-element elementor-element-b298ec6 elementor-widget elementor-widget-text-editor\" data-id=\"b298ec6\" data-element_type=\"widget\" data-e-type=\"widget\" data-widget_type=\"text-editor.default\">\n\t\t\t\t<div class=\"elementor-widget-container\">\n\t\t\t\t\t\t\t\t\t&#13;\n<p><p><a href=\"https:\/\/www.rts.ch\/play\/tv\/couleurs-locales\/video\/couleurs-locales?urn=urn:rts:video:12908042\">02.03.2022: Le succ\u00e8s du Fromage Mont Vully, Couleurs locales, RTS<\/a><\/p><\/p>&#13;\n&#13;\n<p><p><a href=\"https:\/\/www.youtube.com\/watch?v=Qp6Fv5RG97E&amp;feature=share\" target=\"_blank\" rel=\"noreferrer noopener\">23.05.2018: Ewald Schafer remporte quatre m\u00e9dailles aux Championnats du monde du fromage sur www.nau.ch<\/a><\/p><\/p>&#13;\n&#13;\n<p><p><a href=\"https:\/\/www.srf.ch\/news\/regional\/bern-freiburg-wallis\/kaese-wettbewerb-ein-freiburger-raeumt-in-amerika-ab\" target=\"_blank\" rel=\"noopener\">15.05.2018: Un Fribourgeois rafle la mise en Am\u00e9rique, T\u00e9l\u00e9vision suisse al\u00e9manique\u00a0SRF, Schweiz Aktuell<\/a><\/p><\/p>&#13;\n&#13;\n<p><p><a href=\"https:\/\/www.rts.ch\/play\/tv\/couleurs-locales\/video\/entretien-avec-ewald-schafer--3e-meilleur-fromager-du-monde?urn=urn:rts:video:9463037\" target=\"_blank\" rel=\"noreferrer noopener\">04.04.2018: 3e meilleur fromage du monde, Couleurs locales, RTS<\/a><\/p><\/p>&#13;\n&#13;\n<p><p><a href=\"https:\/\/www.bioaktuell.ch\/aktuell\/meldung\/mont-vully-biokaese-3-2018.html\" target=\"_blank\" rel=\"noopener\">22.03.2018: Le fromage Mont Vully Bio fait partie de la classe mondiale, Bio Actualit\u00e9s<\/a><\/p><\/p>&#13;\n&#13;\n<p><p><a href=\"https:\/\/www.schweizerbauer.ch\/politik--wirtschaft\/agrarwirtschaft\/medaillenregen-fuer-dorfkaeserei\/\" target=\"_blank\" rel=\"noreferrer noopener\">19.03.2018: Pluie de m\u00e9dailles pour la fromagerie du village, Schweizer Bauer<\/a><\/p><\/p>&#13;\n&#13;\n<p><p><a href=\"https:\/\/www.freiburger-nachrichten.ch\/kase-mont-vully-bio-auf-dem-dritten-platz\/\" target=\"_blank\" rel=\"noreferrer noopener\">14.03.2018: Le fromage Mont Vully Bio \u00e0 la troisi\u00e8me place, Freiburger Nachrichten<\/a><\/p><\/p>&#13;\n&#13;\n<p><p><a href=\"https:\/\/www.elle.fr\/Elle-a-Table\/Recettes-de-cuisine\/Croque-monsieur-au-pain-de-campagne-jambon-cru-et-mont-vully-3407141\" target=\"_blank\" rel=\"noopener\">04.02.2017: Croque-monsieur au pain de campagne, jambon cru et mont vully, Elle \u00e0 Table France<\/a><\/p><\/p>&#13;\n&#13;\n<p><p><a href=\"http:\/\/lacuisinededey.blogspot.com\/2016\/11\/cake-noix-fromage-suisse.html\" target=\"_blank\" rel=\"noreferrer noopener\">27.11.2016: Cake noix &amp; Mont Vully, Instagram<\/a><\/p><\/p>&#13;\n&#13;\n<p><p><a href=\"https:\/\/www.instagram.com\/p\/BMj20ZCDZyi\/\" target=\"_blank\" rel=\"noreferrer noopener\">08.11.2016: Kitchnchic, instagram<\/a><\/p><\/p>&#13;\n&#13;\n<p><p><a href=\"https:\/\/www.montvullykaese.ch\/file\/LeLac-de-07-2014_5.pdf\" target=\"_blank\" rel=\"noreferrer noopener\">03.07.2014: Le fromage Mont Vully f\u00eate ses 20 ans, Le Lac<\/a><\/p><\/p>&#13;\n&#13;\n<p><p><a href=\"https:\/\/www.montvullykaese.ch\/file\/migros-magazin-41-07_der-einmalige-vom-freiburger-seeland.pdf\">08.10.2007: Der Einmalige vom Freiburger Seeland, Migros-Magazin<\/a><\/p><\/p>&#13;\n&#13;\n<p><p><a href=\"https:\/\/www.montvullykaese.ch\/wp-content\/uploads\/2022\/06\/schweizerfamilie-45-06_er-hat-dem-kaese-gut-geguggt.pdf\" target=\"_blank\" rel=\"noreferrer noopener\">09.11.2006: Er hat dem K\u00e4se gut \u00abgeguggt\u00bb, Schweizer Familie<\/a><\/p><\/p>&#13;\n&#13;\n<p><p><a href=\"https:\/\/www.montvullykaese.ch\/wp-content\/uploads\/2022\/06\/coopzeitung-11-06_mont-vully-bio-ist-der-beste.pdf\">14.11.2006: Mont Vully Bio ist der Beste, Coop-Zeitung<\/a><\/p><\/p>&#13;\n&#13;\n<p>\u00a0<\/p>&#13;\n\t\t\t\t\t\t\t\t<\/div>\n\t\t\t\t<\/div>\n\t\t\t\t\t<\/div>\n\t\t<\/div>\n\t\t\t\t<div class=\"elementor-column elementor-col-50 elementor-top-column elementor-element elementor-element-9fb8cd3\" data-id=\"9fb8cd3\" data-element_type=\"column\" data-e-type=\"column\">\n\t\t\t<div class=\"elementor-widget-wrap elementor-element-populated\">\n\t\t\t\t\t\t<div class=\"elementor-element elementor-element-5caf2372 dce_masking-none elementor-widget elementor-widget-image\" data-id=\"5caf2372\" data-element_type=\"widget\" data-e-type=\"widget\" data-widget_type=\"image.default\">\n\t\t\t\t<div class=\"elementor-widget-container\">\n\t\t\t\t\t\t\t\t\t\t\t\t\t\t\t<img decoding=\"async\" width=\"1440\" height=\"1340\" src=\"https:\/\/www.montvullykaese.ch\/wp-content\/uploads\/2022\/07\/img-monvullykaese-reserve-2022.jpg\" class=\"attachment-full size-full wp-image-1475\" alt=\"\" srcset=\"https:\/\/www.montvullykaese.ch\/wp-content\/uploads\/2022\/07\/img-monvullykaese-reserve-2022.jpg 1440w, https:\/\/www.montvullykaese.ch\/wp-content\/uploads\/2022\/07\/img-monvullykaese-reserve-2022-300x279.jpg 300w, https:\/\/www.montvullykaese.ch\/wp-content\/uploads\/2022\/07\/img-monvullykaese-reserve-2022-1024x953.jpg 1024w, https:\/\/www.montvullykaese.ch\/wp-content\/uploads\/2022\/07\/img-monvullykaese-reserve-2022-768x715.jpg 768w\" sizes=\"(max-width: 1440px) 100vw, 1440px\" \/>\t\t\t\t\t\t\t\t\t\t\t\t\t\t\t<\/div>\n\t\t\t\t<\/div>\n\t\t\t\t\t<\/div>\n\t\t<\/div>\n\t\t\t\t\t<\/div>\n\t\t<\/section>\n\t\t\t\t<section data-dce-background-color=\"#d8a682\" class=\"elementor-section elementor-top-section elementor-element elementor-element-22f2b4f6 elementor-section-stretched elementor-section-boxed elementor-section-height-default elementor-section-height-default\" data-id=\"22f2b4f6\" data-element_type=\"section\" data-e-type=\"section\" data-settings=\"{&quot;stretch_section&quot;:&quot;section-stretched&quot;,&quot;background_background&quot;:&quot;classic&quot;}\">\n\t\t\t\t\t\t<div class=\"elementor-container elementor-column-gap-default\">\n\t\t\t\t\t<div class=\"elementor-column elementor-col-100 elementor-top-column elementor-element elementor-element-30dd8422\" data-id=\"30dd8422\" data-element_type=\"column\" data-e-type=\"column\">\n\t\t\t<div class=\"elementor-widget-wrap elementor-element-populated\">\n\t\t\t\t\t\t<div class=\"elementor-element elementor-element-35a2b772 elementor-widget elementor-widget-shortcode\" data-id=\"35a2b772\" data-element_type=\"widget\" data-e-type=\"widget\" data-widget_type=\"shortcode.default\">\n\t\t\t\t<div class=\"elementor-widget-container\">\n\t\t\t\t\t\t\t<div class=\"elementor-shortcode\">\t\t<div data-elementor-type=\"section\" data-elementor-id=\"392\" class=\"elementor elementor-392\" data-elementor-post-type=\"elementor_library\">\n\t\t\t\t\t<section class=\"elementor-section elementor-top-section elementor-element elementor-element-2456063 elementor-section-boxed elementor-section-height-default elementor-section-height-default\" data-id=\"2456063\" data-element_type=\"section\" data-e-type=\"section\">\n\t\t\t\t\t\t<div class=\"elementor-container elementor-column-gap-default\">\n\t\t\t\t\t<div class=\"elementor-column elementor-col-20 elementor-top-column elementor-element elementor-element-5512bb0\" data-id=\"5512bb0\" data-element_type=\"column\" data-e-type=\"column\">\n\t\t\t<div class=\"elementor-widget-wrap\">\n\t\t\t\t\t\t\t<\/div>\n\t\t<\/div>\n\t\t\t\t<div class=\"elementor-column elementor-col-20 elementor-top-column elementor-element elementor-element-8e05352\" data-id=\"8e05352\" data-element_type=\"column\" data-e-type=\"column\">\n\t\t\t<div class=\"elementor-widget-wrap elementor-element-populated\">\n\t\t\t\t\t\t<div class=\"elementor-element elementor-element-83b123e dce_masking-none elementor-widget elementor-widget-image\" data-id=\"83b123e\" data-element_type=\"widget\" data-e-type=\"widget\" data-widget_type=\"image.default\">\n\t\t\t\t<div class=\"elementor-widget-container\">\n\t\t\t\t\t\t\t\t\t\t\t\t\t\t\t<img decoding=\"async\" width=\"77\" height=\"77\" src=\"https:\/\/www.montvullykaese.ch\/wp-content\/uploads\/2020\/02\/icon_margerite.png\" class=\"attachment-large size-large wp-image-393\" alt=\"\" \/>\t\t\t\t\t\t\t\t\t\t\t\t\t\t\t<\/div>\n\t\t\t\t<\/div>\n\t\t\t\t\t<\/div>\n\t\t<\/div>\n\t\t\t\t<div class=\"elementor-column elementor-col-20 elementor-top-column elementor-element elementor-element-02b0c25\" data-id=\"02b0c25\" data-element_type=\"column\" data-e-type=\"column\">\n\t\t\t<div class=\"elementor-widget-wrap elementor-element-populated\">\n\t\t\t\t\t\t<div class=\"elementor-element elementor-element-a5efac4 dce_masking-none elementor-widget elementor-widget-image\" data-id=\"a5efac4\" data-element_type=\"widget\" data-e-type=\"widget\" data-widget_type=\"image.default\">\n\t\t\t\t<div class=\"elementor-widget-container\">\n\t\t\t\t\t\t\t\t\t\t\t\t\t\t\t<img decoding=\"async\" width=\"77\" height=\"77\" src=\"https:\/\/www.montvullykaese.ch\/wp-content\/uploads\/2020\/02\/icon_margerite.png\" class=\"attachment-large size-large wp-image-393\" alt=\"\" \/>\t\t\t\t\t\t\t\t\t\t\t\t\t\t\t<\/div>\n\t\t\t\t<\/div>\n\t\t\t\t\t<\/div>\n\t\t<\/div>\n\t\t\t\t<div class=\"elementor-column elementor-col-20 elementor-top-column elementor-element elementor-element-5c9d20c\" data-id=\"5c9d20c\" data-element_type=\"column\" data-e-type=\"column\">\n\t\t\t<div class=\"elementor-widget-wrap elementor-element-populated\">\n\t\t\t\t\t\t<div class=\"elementor-element elementor-element-dd91618 dce_masking-none elementor-widget elementor-widget-image\" data-id=\"dd91618\" data-element_type=\"widget\" data-e-type=\"widget\" data-widget_type=\"image.default\">\n\t\t\t\t<div class=\"elementor-widget-container\">\n\t\t\t\t\t\t\t\t\t\t\t\t\t\t\t<img decoding=\"async\" width=\"77\" height=\"77\" src=\"https:\/\/www.montvullykaese.ch\/wp-content\/uploads\/2020\/02\/icon_margerite.png\" class=\"attachment-large size-large wp-image-393\" alt=\"\" \/>\t\t\t\t\t\t\t\t\t\t\t\t\t\t\t<\/div>\n\t\t\t\t<\/div>\n\t\t\t\t\t<\/div>\n\t\t<\/div>\n\t\t\t\t<div class=\"elementor-column elementor-col-20 elementor-top-column elementor-element elementor-element-80cf1ed\" data-id=\"80cf1ed\" data-element_type=\"column\" data-e-type=\"column\">\n\t\t\t<div class=\"elementor-widget-wrap\">\n\t\t\t\t\t\t\t<\/div>\n\t\t<\/div>\n\t\t\t\t\t<\/div>\n\t\t<\/section>\n\t\t\t\t<\/div>\n\t\t<\/div>\n\t\t\t\t\t\t<\/div>\n\t\t\t\t<\/div>\n\t\t\t\t\t<\/div>\n\t\t<\/div>\n\t\t\t\t\t<\/div>\n\t\t<\/section>\n\t\t\t\t<\/div>\n\t\t","protected":false},"excerpt":{"rendered":"<p>Informations aux m\u00e9dias Revue de Presse<\/p>\n","protected":false},"author":1,"featured_media":728,"parent":0,"menu_order":0,"comment_status":"closed","ping_status":"closed","template":"","meta":{"_acf_changed":false,"site-sidebar-layout":"no-sidebar","site-content-layout":"page-builder","ast-site-content-layout":"default","site-content-style":"default","site-sidebar-style":"default","ast-global-header-display":"","ast-banner-title-visibility":"","ast-main-header-display":"","ast-hfb-above-header-display":"","ast-hfb-below-header-display":"","ast-hfb-mobile-header-display":"","site-post-title":"disabled","ast-breadcrumbs-content":"","ast-featured-img":"disabled","footer-sml-layout":"","theme-transparent-header-meta":"default","adv-header-id-meta":"","stick-header-meta":"default","header-above-stick-meta":"","header-main-stick-meta":"","header-below-stick-meta":"","astra-migrate-meta-layouts":"default","ast-page-background-enabled":"default","ast-page-background-meta":{"desktop":{"background-color":"","background-image":"","background-repeat":"repeat","background-position":"center center","background-size":"auto","background-attachment":"scroll","background-type":"","background-media":"","overlay-type":"","overlay-color":"","overlay-opacity":"","overlay-gradient":""},"tablet":{"background-color":"","background-image":"","background-repeat":"repeat","background-position":"center center","background-size":"auto","background-attachment":"scroll","background-type":"","background-media":"","overlay-type":"","overlay-color":"","overlay-opacity":"","overlay-gradient":""},"mobile":{"background-color":"","background-image":"","background-repeat":"repeat","background-position":"center center","background-size":"auto","background-attachment":"scroll","background-type":"","background-media":"","overlay-type":"","overlay-color":"","overlay-opacity":"","overlay-gradient":""}},"ast-content-background-meta":{"desktop":{"background-color":"var(--ast-global-color-5)","background-image":"","background-repeat":"repeat","background-position":"center center","background-size":"auto","background-attachment":"scroll","background-type":"","background-media":"","overlay-type":"","overlay-color":"","overlay-opacity":"","overlay-gradient":""},"tablet":{"background-color":"var(--ast-global-color-5)","background-image":"","background-repeat":"repeat","background-position":"center center","background-size":"auto","background-attachment":"scroll","background-type":"","background-media":"","overlay-type":"","overlay-color":"","overlay-opacity":"","overlay-gradient":""},"mobile":{"background-color":"var(--ast-global-color-5)","background-image":"","background-repeat":"repeat","background-position":"center center","background-size":"auto","background-attachment":"scroll","background-type":"","background-media":"","overlay-type":"","overlay-color":"","overlay-opacity":"","overlay-gradient":""}},"footnotes":""},"class_list":["post-1123","page","type-page","status-publish","has-post-thumbnail","hentry"],"acf":[],"_links":{"self":[{"href":"https:\/\/www.montvullykaese.ch\/fr\/wp-json\/wp\/v2\/pages\/1123","targetHints":{"allow":["GET"]}}],"collection":[{"href":"https:\/\/www.montvullykaese.ch\/fr\/wp-json\/wp\/v2\/pages"}],"about":[{"href":"https:\/\/www.montvullykaese.ch\/fr\/wp-json\/wp\/v2\/types\/page"}],"author":[{"embeddable":true,"href":"https:\/\/www.montvullykaese.ch\/fr\/wp-json\/wp\/v2\/users\/1"}],"replies":[{"embeddable":true,"href":"https:\/\/www.montvullykaese.ch\/fr\/wp-json\/wp\/v2\/comments?post=1123"}],"version-history":[{"count":3,"href":"https:\/\/www.montvullykaese.ch\/fr\/wp-json\/wp\/v2\/pages\/1123\/revisions"}],"predecessor-version":[{"id":1538,"href":"https:\/\/www.montvullykaese.ch\/fr\/wp-json\/wp\/v2\/pages\/1123\/revisions\/1538"}],"wp:featuredmedia":[{"embeddable":true,"href":"https:\/\/www.montvullykaese.ch\/fr\/wp-json\/wp\/v2\/media\/728"}],"wp:attachment":[{"href":"https:\/\/www.montvullykaese.ch\/fr\/wp-json\/wp\/v2\/media?parent=1123"}],"curies":[{"name":"wp","href":"https:\/\/api.w.org\/{rel}","templated":true}]}}